{"id":261,"date":"2021-01-31T10:40:24","date_gmt":"2021-01-31T10:40:24","guid":{"rendered":"https:\/\/www.morentin.es\/?page_id=261"},"modified":"2022-08-31T12:59:17","modified_gmt":"2022-08-31T12:59:17","slug":"actas","status":"publish","type":"page","link":"https:\/\/www.morentin.es\/?page_id=261","title":{"rendered":"ACTAS"},"content":{"rendered":"\n<p><a href=\"https:\/\/www.morentin.es\/?page_id=403\">A\u00f1o 2022<\/a><\/p>\n\n\n\n<p><a href=\"https:\/\/www.morentin.es\/?page_id=364\">A\u00f1o 2021<\/a><\/p>\n\n\n\n<p><a href=\"https:\/\/www.morentin.es\/?page_id=232\">A\u00f1o 2020<\/a><\/p>\n\n\n\n<p><a href=\"https:\/\/www.morentin.es\/?page_id=222\">A\u00f1o 2019<\/a><\/p>\n\n\n\n<p><a href=\"https:\/\/www.morentin.es\/?page_id=295\">A\u00f1o 2018<\/a><\/p>\n","protected":false},"excerpt":{"rendered":"<p>A\u00f1o 2022 A\u00f1o 2021 A\u00f1o 2020 A\u00f1o 2019 A\u00f1o 2018<\/p>\n","protected":false},"author":1,"featured_media":0,"parent":0,"menu_order":0,"comment_status":"closed","ping_status":"closed","template":"","meta":{"generate_page_header":""},"_links":{"self":[{"href":"https:\/\/www.morentin.es\/index.php?rest_route=\/wp\/v2\/pages\/261"}],"collection":[{"href":"https:\/\/www.morentin.es\/index.php?rest_route=\/wp\/v2\/pages"}],"about":[{"href":"https:\/\/www.morentin.es\/index.php?rest_route=\/wp\/v2\/types\/page"}],"author":[{"embeddable":true,"href":"https:\/\/www.morentin.es\/index.php?rest_route=\/wp\/v2\/users\/1"}],"replies":[{"embeddable":true,"href":"https:\/\/www.morentin.es\/index.php?rest_route=%2Fwp%2Fv2%2Fcomments&post=261"}],"version-history":[{"count":5,"href":"https:\/\/www.morentin.es\/index.php?rest_route=\/wp\/v2\/pages\/261\/revisions"}],"predecessor-version":[{"id":406,"href":"https:\/\/www.morentin.es\/index.php?rest_route=\/wp\/v2\/pages\/261\/revisions\/406"}],"wp:attachment":[{"href":"https:\/\/www.morentin.es\/index.php?rest_route=%2Fwp%2Fv2%2Fmedia&parent=261"}],"curies":[{"name":"wp","href":"https:\/\/api.w.org\/{rel}","templated":true}]}}