{"id":243,"date":"2021-01-27T13:42:09","date_gmt":"2021-01-27T13:42:09","guid":{"rendered":"https:\/\/www.morentin.es\/?page_id=243"},"modified":"2022-09-01T07:48:29","modified_gmt":"2022-09-01T07:48:29","slug":"ordenanzas","status":"publish","type":"page","link":"https:\/\/www.morentin.es\/?page_id=243","title":{"rendered":"Ordenanzas Municipales"},"content":{"rendered":"\n<p><\/p>\n\n\n\n<figure class=\"wp-block-table\"><table><tbody><tr><td><img class=\"wp-image-245\" style=\"width: NaNpx;\" src=\"https:\/\/www.morentin.es\/wp-content\/uploads\/2021\/01\/ORDENANZA-AA.CC_-1.pdf\" alt=\"\"><a href=\"https:\/\/www.morentin.es\/wp-content\/uploads\/2021\/01\/ORDENANZA-AA.CC_.pdf\" target=\"_blank\" rel=\"noreferrer noopener\">Ordenanza AA.CC<\/a><\/td><td><a rel=\"noreferrer noopener\" href=\"https:\/\/www.morentin.es\/wp-content\/uploads\/2021\/01\/Ordenanza-ADMON-ELECTRONCIA.pdf\" target=\"_blank\">Ordenanza Admon. Electr\u00f3nica<\/a><\/td><td><a href=\"https:\/\/www.morentin.es\/wp-content\/uploads\/2021\/01\/ORDENANZA-CAMINOS.pdf\" target=\"_blank\" rel=\"noreferrer noopener\">Ordenanza Caminos<\/a><\/td><\/tr><tr><td><a href=\"https:\/\/www.morentin.es\/wp-content\/uploads\/2021\/01\/ORDENANZA-DOMINIO-PUBLICO-LOCAL-POR-LAS-EMPRESAS-EXPLOTADORAS-DE-SERVCIOS-DE-SUMINISTROS-DE-INTERES.pdf\" target=\"_blank\" rel=\"noreferrer noopener\">Ordenanza Dominio P\u00fablico Local<br>por las Empresas explotadoras de<br>Servicios de Suministros de Inter\u00e9s<\/a><\/td><td><a href=\"https:\/\/www.morentin.es\/wp-content\/uploads\/2021\/04\/Ordenanza-Cementerio.pdf\">Ordenanza Cementerio<\/a><\/td><td><a href=\"https:\/\/www.morentin.es\/wp-content\/uploads\/2021\/01\/ORDENANZA-TASAS-URBANISTICAS.pdf\" target=\"_blank\" rel=\"noreferrer noopener\">Ordenanza Tasas Urban\u00edsticas<\/a><\/td><\/tr><tr><td><a href=\"https:\/\/www.morentin.es\/wp-content\/uploads\/2021\/01\/ORDENANZAS-TARJETAS-DISCAPACIDAD.pdf\" target=\"_blank\" rel=\"noreferrer noopener\">Ordenanza Tarjetas Discapacidad<\/a><\/td><td><a href=\"https:\/\/www.morentin.es\/wp-content\/uploads\/2022\/08\/Ordenanza-corralizas1943.pdf\">Ordenanza Corralizas<\/a><\/td><td><a href=\"https:\/\/www.morentin.es\/wp-content\/uploads\/2022\/08\/Ordenaza-parcelas-comunales-cultivo1942.pdf\">Ordenanza Parcelas Comunales Cultivo<\/a><\/td><\/tr><\/tbody><\/table><\/figure>\n\n\n\n<p><\/p>\n","protected":false},"excerpt":{"rendered":"<p>Ordenanza AA.CC Ordenanza Admon. Electr\u00f3nica Ordenanza Caminos Ordenanza Dominio P\u00fablico Localpor las Empresas explotadoras deServicios de Suministros de Inter\u00e9s Ordenanza Cementerio Ordenanza Tasas Urban\u00edsticas Ordenanza Tarjetas Discapacidad Ordenanza Corralizas Ordenanza Parcelas Comunales Cultivo<\/p>\n","protected":false},"author":1,"featured_media":0,"parent":0,"menu_order":0,"comment_status":"closed","ping_status":"closed","template":"","meta":{"generate_page_header":""},"_links":{"self":[{"href":"https:\/\/www.morentin.es\/index.php?rest_route=\/wp\/v2\/pages\/243"}],"collection":[{"href":"https:\/\/www.morentin.es\/index.php?rest_route=\/wp\/v2\/pages"}],"about":[{"href":"https:\/\/www.morentin.es\/index.php?rest_route=\/wp\/v2\/types\/page"}],"author":[{"embeddable":true,"href":"https:\/\/www.morentin.es\/index.php?rest_route=\/wp\/v2\/users\/1"}],"replies":[{"embeddable":true,"href":"https:\/\/www.morentin.es\/index.php?rest_route=%2Fwp%2Fv2%2Fcomments&post=243"}],"version-history":[{"count":8,"href":"https:\/\/www.morentin.es\/index.php?rest_route=\/wp\/v2\/pages\/243\/revisions"}],"predecessor-version":[{"id":408,"href":"https:\/\/www.morentin.es\/index.php?rest_route=\/wp\/v2\/pages\/243\/revisions\/408"}],"wp:attachment":[{"href":"https:\/\/www.morentin.es\/index.php?rest_route=%2Fwp%2Fv2%2Fmedia&parent=243"}],"curies":[{"name":"wp","href":"https:\/\/api.w.org\/{rel}","templated":true}]}}