{"id":2,"date":"2020-09-24T12:31:59","date_gmt":"2020-09-24T12:31:59","guid":{"rendered":"https:\/\/www.morentin.es\/?page_id=2"},"modified":"2020-10-14T08:34:40","modified_gmt":"2020-10-14T08:34:40","slug":"sample-page","status":"publish","type":"page","link":"https:\/\/www.morentin.es\/","title":{"rendered":"Bienvenidos &#8211; Ongi Etorriak"},"content":{"rendered":"\n<div id=\"metaslider-id-69\" style=\"max-width: 450px;\" class=\"ml-slider-3-70-2 metaslider metaslider-nivo metaslider-69 ml-slider ms-theme-default\" role=\"region\" aria-roledescription=\"Slideshow\" aria-label=\"Diapo_Bienvenidos\">\n    <div id=\"metaslider_container_69\">\n        <div class='slider-wrapper theme-default'><div class='ribbon'><\/div><div id='metaslider_69' class='nivoSlider'><img src=\"https:\/\/www.morentin.es\/wp-content\/uploads\/2020\/10\/Vista_panoramica_pueblo-400x266.jpg\" height=\"300\" width=\"450\" title=\"Vista_panoramica_pueblo\" alt=\"\" class=\"slider-69 slide-81\" \/><img src=\"https:\/\/www.morentin.es\/wp-content\/uploads\/2020\/10\/Iglesia_San_Andres-400x266.jpg\" height=\"300\" width=\"450\" title=\"Iglesia_San_Andres\" alt=\"\" class=\"slider-69 slide-78\" \/><img src=\"https:\/\/www.morentin.es\/wp-content\/uploads\/2020\/10\/Portal_Urra-400x266.jpg\" height=\"300\" width=\"450\" title=\"Portal_Urra\" alt=\"\" class=\"slider-69 slide-77\" \/><img src=\"https:\/\/www.morentin.es\/wp-content\/uploads\/2020\/10\/Escudo_Ximenez_Leorin-400x266.jpg\" height=\"300\" width=\"450\" title=\"Escudo_Ximenez_Leorin\" alt=\"\" class=\"slider-69 slide-79\" \/><img src=\"https:\/\/www.morentin.es\/wp-content\/uploads\/2020\/10\/vista_pueblo_Montejurra-400x266.jpg\" height=\"300\" width=\"450\" title=\"vista_pueblo_Montejurra\" alt=\"\" class=\"slider-69 slide-76\" \/><img src=\"https:\/\/www.morentin.es\/wp-content\/uploads\/2020\/10\/Vista_pueblo_fondo-400x266.jpg\" height=\"300\" width=\"450\" title=\"Vista_pueblo_fondo\" alt=\"\" class=\"slider-69 slide-80\" \/><\/div><\/div>\n        \n    <\/div>\n<\/div>\n\n\n\n<p><\/p>\n\n\n\n<h2><span style=\"color: #ba8c16;\"><span style=\"color: #333333;\"><span style=\"color:#242525\" class=\"has-inline-color\">PUEBLO TRANQUILO Y CON IDENTIDAD PROPIA<\/span><\/span><\/span><\/h2>\n\n\n\n<hr class=\"wp-block-separator is-style-wide\"\/>\n\n\n\n<p>Este municipio se encuentra a unos 44 kil\u00f3metros de Pamplona y a 7 de Estella, sobre una ladera, al sur de Montejurra, que se extiende suavemente hacia la llanura.<\/p>\n\n\n\n<p>Geogr\u00e1ficamente forma parte del amplio valle de la Solana, as\u00ed denominado por ser una comarca orientada hacia el este y mediod\u00eda, muy soleada y protegida del viento. El t\u00e9rmino de Morentin limita con el despoblado de Baigorri, Dicastillo y Aberin. As\u00ed mismo, discurre por sus tierras el r\u00edo Ega.<\/p>\n\n\n\n<p>Se sit\u00faa en un peque\u00f1o alto dominando la amplia llanura que se extiende ante \u00e9l. Esto hace que las calles que recorren el casco urbano est\u00e9n en pendiente, situ\u00e1ndose la iglesia parroquial en el punto m\u00e1s elevado.<\/p>\n\n\n\n<p><strong>La Iglesia parroquial de San Andr\u00e9s<\/strong>, tiene origen medieval, pero con modificaciones de los siglos XVI y XVII, que le dan cierto aire renacentista. A los pies del templo se conserva parte de una siller\u00eda barroca de la segunda mitad del siglo XVII.<\/p>\n\n\n\n<p>Dos son las ermitas pertenecientes a Morentin que todav\u00eda tienen culto, la de <strong>Nuestra Se\u00f1ora de Leor\u00edn y la de San Gregorio Ostiense.<\/strong><\/p>\n\n\n\n<p><strong>La ermita de la Virgen de Leor\u00edn<\/strong> se localiza en pleno campo pr\u00f3ximo a la carretera y su estilo es rom\u00e1nico-g\u00f3tico, de principios del siglo XIII, con cabecera semicircular rom\u00e1nica y entrada de arco ojival g\u00f3tica.<\/p>\n\n\n\n<p><strong>La Ermita de San Gregorio Ostiense<\/strong> se levanta en medio del campo, frente a la poblaci\u00f3n. Es del siglo XVI, y a sido reconstruida en 1960.<\/p>\n\n\n\n<p>Las casas del pueblo se distribuyen de modo an\u00e1rquico alrededor de la Iglesia parroquial, que, con su situaci\u00f3n en la zona alta del pueblo, lo domina estrat\u00e9gicamente, accediendo a ella a trav\u00e9s de calles en cuesta.<\/p>\n\n\n\n<p>Entre las casas blasonadas, algunas datan del siglo XVI. Hay una hermosa casa se\u00f1orial del siglo XVII, en cuyo escudo se lee: <strong>ARMAS DE LOS XIMENEZ DE LEORIN<\/strong>. En esta casa Carlos VII firm\u00f3 en 1874 el Manifiesto de Morentin.<\/p>\n\n\n\n<p>En la calle Misericordia que baja a la carretera, se localiza el llamado <strong>\u00a8Portal de Urra\u00a8<\/strong>, consistente en un amplio medio punto con escudo barroco del siglo XVIII en la parte superior. Detr\u00e1s de este portal se ubica una casa del siglo XVI con gran puerta adintelada con escudo en clave que repite: ARMAS DE LOS XIMENEZ DE LEORIN.<\/p>\n\n\n\n<p><strong>Morentin es un pueblo con gran tradici\u00f3n musical<\/strong>. Tuvo gaitero y organista c\u00e9lebre (Guillermo Saralegui); Adem\u00e1s de ser una <strong>zona rica en naturaleza, patrimonio hist\u00f3rico y gastronom\u00eda<\/strong>.<\/p>\n","protected":false},"excerpt":{"rendered":"<p>PUEBLO TRANQUILO Y CON IDENTIDAD PROPIA Este municipio se encuentra a unos 44 kil\u00f3metros de Pamplona y a 7 de Estella, sobre una ladera, al sur de Montejurra, que se extiende suavemente hacia la llanura. Geogr\u00e1ficamente forma parte del amplio valle de la Solana, as\u00ed denominado por ser una comarca orientada hacia el este y &#8230; <a title=\"Bienvenidos &#8211; Ongi Etorriak\" class=\"read-more\" href=\"https:\/\/www.morentin.es\/\" aria-label=\"Leer m\u00e1s sobre Bienvenidos &#8211; Ongi Etorriak\">Leer m\u00e1s<\/a><\/p>\n","protected":false},"author":1,"featured_media":0,"parent":0,"menu_order":0,"comment_status":"closed","ping_status":"open","template":"","meta":{"generate_page_header":""},"_links":{"self":[{"href":"https:\/\/www.morentin.es\/index.php?rest_route=\/wp\/v2\/pages\/2"}],"collection":[{"href":"https:\/\/www.morentin.es\/index.php?rest_route=\/wp\/v2\/pages"}],"about":[{"href":"https:\/\/www.morentin.es\/index.php?rest_route=\/wp\/v2\/types\/page"}],"author":[{"embeddable":true,"href":"https:\/\/www.morentin.es\/index.php?rest_route=\/wp\/v2\/users\/1"}],"replies":[{"embeddable":true,"href":"https:\/\/www.morentin.es\/index.php?rest_route=%2Fwp%2Fv2%2Fcomments&post=2"}],"version-history":[{"count":19,"href":"https:\/\/www.morentin.es\/index.php?rest_route=\/wp\/v2\/pages\/2\/revisions"}],"predecessor-version":[{"id":187,"href":"https:\/\/www.morentin.es\/index.php?rest_route=\/wp\/v2\/pages\/2\/revisions\/187"}],"wp:attachment":[{"href":"https:\/\/www.morentin.es\/index.php?rest_route=%2Fwp%2Fv2%2Fmedia&parent=2"}],"curies":[{"name":"wp","href":"https:\/\/api.w.org\/{rel}","templated":true}]}}