{"id":133,"date":"2020-10-13T15:47:58","date_gmt":"2020-10-13T15:47:58","guid":{"rendered":"https:\/\/www.morentin.es\/?page_id=133"},"modified":"2020-10-13T15:47:58","modified_gmt":"2020-10-13T15:47:58","slug":"politica-de-privacidad","status":"publish","type":"page","link":"https:\/\/www.morentin.es\/?page_id=133","title":{"rendered":"Pol\u00edtica de Privacidad"},"content":{"rendered":"\n<p>A trav\u00e9s de este sitio web se recogen y tratan datos de car\u00e1cter personal necesarios para atender sus peticiones, sugerencias o dudas sobre nuestros servicios y actividades.<\/p>\n\n\n\n<p>Dichos datos, no se ceder\u00e1n a terceros salvo obligaci\u00f3n legal y estar\u00e1n almacenados en los servidores pertenecientes al Ayuntamiento de Morentin<\/p>\n\n\n\n<p>El alta o registro en cualquiera de las secciones de esta web o el env\u00edo de tus datos a trav\u00e9s de nuestros formularios de contacto, a cualquiera de las direcciones indicadas o por tel\u00e9fono, supondr\u00e1 que prestas tu autorizaci\u00f3n a los tratamientos descritos.<\/p>\n\n\n\n<p>En cualquier caso, el afectado puede en cualquier momento ejercer sus derechos de acceso, cancelaci\u00f3n, oposici\u00f3n o rectificaci\u00f3n en relaci\u00f3n con dichos datos, solicit\u00e1ndolo a <a href=\"mailto:ayuntamiento@arellano.es\">ayuntamiento@morentin.es<\/a><\/p>\n","protected":false},"excerpt":{"rendered":"<p>A trav\u00e9s de este sitio web se recogen y tratan datos de car\u00e1cter personal necesarios para atender sus peticiones, sugerencias o dudas sobre nuestros servicios y actividades. Dichos datos, no se ceder\u00e1n a terceros salvo obligaci\u00f3n legal y estar\u00e1n almacenados en los servidores pertenecientes al Ayuntamiento de Morentin El alta o registro en cualquiera de &#8230; <a title=\"Pol\u00edtica de Privacidad\" class=\"read-more\" href=\"https:\/\/www.morentin.es\/?page_id=133\" aria-label=\"Leer m\u00e1s sobre Pol\u00edtica de Privacidad\">Leer m\u00e1s<\/a><\/p>\n","protected":false},"author":1,"featured_media":0,"parent":0,"menu_order":0,"comment_status":"closed","ping_status":"closed","template":"","meta":{"generate_page_header":""},"_links":{"self":[{"href":"https:\/\/www.morentin.es\/index.php?rest_route=\/wp\/v2\/pages\/133"}],"collection":[{"href":"https:\/\/www.morentin.es\/index.php?rest_route=\/wp\/v2\/pages"}],"about":[{"href":"https:\/\/www.morentin.es\/index.php?rest_route=\/wp\/v2\/types\/page"}],"author":[{"embeddable":true,"href":"https:\/\/www.morentin.es\/index.php?rest_route=\/wp\/v2\/users\/1"}],"replies":[{"embeddable":true,"href":"https:\/\/www.morentin.es\/index.php?rest_route=%2Fwp%2Fv2%2Fcomments&post=133"}],"version-history":[{"count":1,"href":"https:\/\/www.morentin.es\/index.php?rest_route=\/wp\/v2\/pages\/133\/revisions"}],"predecessor-version":[{"id":134,"href":"https:\/\/www.morentin.es\/index.php?rest_route=\/wp\/v2\/pages\/133\/revisions\/134"}],"wp:attachment":[{"href":"https:\/\/www.morentin.es\/index.php?rest_route=%2Fwp%2Fv2%2Fmedia&parent=133"}],"curies":[{"name":"wp","href":"https:\/\/api.w.org\/{rel}","templated":true}]}}