{"id":121,"date":"2020-10-13T14:53:26","date_gmt":"2020-10-13T14:53:26","guid":{"rendered":"https:\/\/www.morentin.es\/?page_id=121"},"modified":"2022-09-16T11:03:43","modified_gmt":"2022-09-16T11:03:43","slug":"contacto","status":"publish","type":"page","link":"https:\/\/www.morentin.es\/?page_id=121","title":{"rendered":"Contacto"},"content":{"rendered":"\n<hr class=\"wp-block-separator has-css-opacity is-style-wide\"\/>\n\n\n\n<div class=\"wp-container-3 wp-block-columns\">\n<div class=\"wp-container-1 wp-block-column\"><div class=\"wp-block-image\">\n<figure class=\"aligncenter size-full is-resized\"><img src=\"https:\/\/www.morentin.es\/wp-content\/uploads\/2022\/09\/reloj-1.png\" alt=\"\" class=\"wp-image-452\" width=\"103\" height=\"103\" srcset=\"https:\/\/www.morentin.es\/wp-content\/uploads\/2022\/09\/reloj-1.png 408w, https:\/\/www.morentin.es\/wp-content\/uploads\/2022\/09\/reloj-1-300x300.png 300w, https:\/\/www.morentin.es\/wp-content\/uploads\/2022\/09\/reloj-1-150x150.png 150w\" sizes=\"(max-width: 103px) 100vw, 103px\" \/><\/figure><\/div>\n\n\n<h3 class=\"has-text-align-center\"><strong><strong>Horario de Atenci\u00f3n<\/strong><\/strong><\/h3>\n\n\n\n<p class=\"has-text-align-center\">Mi\u00e9rcoles de 8:00h a 15:00h.<br>(Lunes y Jueves estamos en <a href=\"http:\/\/www.villadearellano.org\/\">Arellano<\/a> y Martes y Viernes estamos en <a href=\"https:\/\/www.aberin-muniain.org\/\">Aberin-Muniain<\/a>)<\/p>\n<\/div>\n\n\n\n<div class=\"wp-container-2 wp-block-column\"><div class=\"wp-block-image\">\n<figure class=\"aligncenter size-full is-resized\"><img src=\"https:\/\/www.morentin.es\/wp-content\/uploads\/2022\/09\/casa-1.png\" alt=\"\" class=\"wp-image-454\" width=\"103\" height=\"103\" srcset=\"https:\/\/www.morentin.es\/wp-content\/uploads\/2022\/09\/casa-1.png 375w, https:\/\/www.morentin.es\/wp-content\/uploads\/2022\/09\/casa-1-300x300.png 300w, https:\/\/www.morentin.es\/wp-content\/uploads\/2022\/09\/casa-1-150x150.png 150w\" sizes=\"(max-width: 103px) 100vw, 103px\" \/><\/figure><\/div>\n\n\n<h3 class=\"has-text-align-center\"><strong><strong>Direcci\u00f3n<\/strong><\/strong><\/h3>\n\n\n\n<p class=\"has-text-align-center\">Calle Los Fueros 11 &#8211; 31264<br>Morentin &#8211; Navarra<\/p>\n<\/div>\n<\/div>\n\n\n\n<div class=\"wp-container-6 wp-block-columns\">\n<div class=\"wp-container-4 wp-block-column\"><div class=\"wp-block-image\">\n<figure class=\"aligncenter size-full is-resized\"><img src=\"https:\/\/www.morentin.es\/wp-content\/uploads\/2022\/09\/telefono.png\" alt=\"\" class=\"wp-image-455\" width=\"90\" height=\"90\"\/><\/figure><\/div>\n\n\n<h3 class=\"has-text-align-center\"><strong><strong>Tel\u00e9fono de Contacto<\/strong><\/strong><\/h3>\n\n\n\n<p class=\"has-text-align-center\">948 52 70 52<\/p>\n<\/div>\n\n\n\n<div class=\"wp-container-5 wp-block-column\"><div class=\"wp-block-image\">\n<figure class=\"aligncenter size-full is-resized\"><img loading=\"lazy\" src=\"https:\/\/www.morentin.es\/wp-content\/uploads\/2022\/09\/correo.png\" alt=\"\" class=\"wp-image-456\" width=\"97\" height=\"85\"\/><\/figure><\/div>\n\n\n<h3 class=\"has-text-align-center\"><strong><strong>Correo Electr\u00f3nico<\/strong><\/strong><\/h3>\n\n\n\n<p class=\"has-text-align-center\"><a href=\"mailto:ayuntamiento@morentin.es\">ayuntamiento@morentin.es<\/a><\/p>\n<\/div>\n<\/div>\n\n\n\n<iframe src=\"https:\/\/www.google.com\/maps\/embed?pb=!1m18!1m12!1m3!1d2936.2935396869866!2d-2.016291535138816!3d42.61273017917073!2m3!1f0!2f0!3f0!3m2!1i1024!2i768!4f13.1!3m3!1m2!1s0xd5070ccc16e1279%3A0x538fe6ef3d4f52ee!2s31264%20Morent%C3%ADn%2C%20Navarra!5e0!3m2!1ses!2ses!4v1602601223465!5m2!1ses!2ses\" style=\"border:0;\" allowfullscreen=\"\" aria-hidden=\"false\" tabindex=\"0\" width=\"284\" height=\"189\" frameborder=\"0\"><\/iframe>\n\n\n\n<p><\/p>\n\n\n\n<h2>Buz\u00f3n del Ciudadano<\/h2>\n\n\n\n<p>Cualquier duda que tengas, ponte en contacto con el Ayuntamiento de Morentin.<\/p>\n\n\n<div role=\"form\" class=\"wpcf7\" id=\"wpcf7-f126-o1\" lang=\"es-ES\" dir=\"ltr\">\n<div class=\"screen-reader-response\"><p role=\"status\" aria-live=\"polite\" aria-atomic=\"true\"><\/p> <ul><\/ul><\/div>\n<form action=\"\/index.php?rest_route=%2Fwp%2Fv2%2Fpages%2F121#wpcf7-f126-o1\" method=\"post\" class=\"wpcf7-form init\" novalidate=\"novalidate\" data-status=\"init\">\n<div style=\"display: none;\">\n<input type=\"hidden\" name=\"_wpcf7\" value=\"126\" \/>\n<input type=\"hidden\" name=\"_wpcf7_version\" value=\"5.4.2\" \/>\n<input type=\"hidden\" name=\"_wpcf7_locale\" value=\"es_ES\" \/>\n<input type=\"hidden\" name=\"_wpcf7_unit_tag\" value=\"wpcf7-f126-o1\" \/>\n<input type=\"hidden\" name=\"_wpcf7_container_post\" value=\"0\" \/>\n<input type=\"hidden\" name=\"_wpcf7_posted_data_hash\" value=\"\" \/>\n<input type=\"hidden\" name=\"_wpcf7_recaptcha_response\" value=\"\" \/>\n<\/div>\n<p><label> Su nombre (obligatorio)<br \/>\n    <span class=\"wpcf7-form-control-wrap your-name\"><input type=\"text\" name=\"your-name\" value=\"\" size=\"40\" class=\"wpcf7-form-control wpcf7-text wpcf7-validates-as-required\" aria-required=\"true\" aria-invalid=\"false\" \/><\/span> <\/label><\/p>\n<p><label> Su correo electr\u00f3nico (obligatorio)<br \/>\n    <span class=\"wpcf7-form-control-wrap your-email\"><input type=\"email\" name=\"your-email\" value=\"\" size=\"40\" class=\"wpcf7-form-control wpcf7-text wpcf7-email wpcf7-validates-as-required wpcf7-validates-as-email\" aria-required=\"true\" aria-invalid=\"false\" \/><\/span> <\/label><\/p>\n<p><label> Asunto<br \/>\n    <span class=\"wpcf7-form-control-wrap your-subject\"><input type=\"text\" name=\"your-subject\" value=\"\" size=\"40\" class=\"wpcf7-form-control wpcf7-text\" aria-invalid=\"false\" \/><\/span> <\/label><\/p>\n<p><label> Su mensaje<br \/>\n    <span class=\"wpcf7-form-control-wrap your-message\"><textarea name=\"your-message\" cols=\"40\" rows=\"10\" class=\"wpcf7-form-control wpcf7-textarea\" aria-invalid=\"false\"><\/textarea><\/span> <\/label><\/p>\n<p><span class=\"wpcf7-form-control-wrap acceptance-361\"><span class=\"wpcf7-form-control wpcf7-acceptance\"><span class=\"wpcf7-list-item\"><input type=\"checkbox\" name=\"acceptance-361\" value=\"1\" aria-invalid=\"false\" \/><\/span><\/span><\/span> <small>Acepto la <a href=\"https:\/\/www.morentin.es\/?page_id=133\"> Pol\u00edtica de Privacidad<\/a><\/small> <\/p>\n<span class=\"wpcf7-form-control-wrap recaptcha\" data-name=\"recaptcha\"><span data-sitekey=\"6LfZ5dYZAAAAAEqKBw2UoFHj5I76Jyw7N6IzG9r3\" class=\"wpcf7-form-control g-recaptcha wpcf7-recaptcha\"><\/span>\r\n<noscript>\r\n\t<div class=\"grecaptcha-noscript\">\r\n\t\t<iframe src=\"https:\/\/www.google.com\/recaptcha\/api\/fallback?k=6LfZ5dYZAAAAAEqKBw2UoFHj5I76Jyw7N6IzG9r3\" frameborder=\"0\" scrolling=\"no\" width=\"310\" height=\"430\">\r\n\t\t<\/iframe>\r\n\t\t<textarea name=\"g-recaptcha-response\" rows=\"3\" cols=\"40\" placeholder=\"Aqu\u00ed la respuesta de reCAPTCHA\">\r\n\t\t<\/textarea>\r\n\t<\/div>\r\n<\/noscript>\r\n<\/span>\n<p><input type=\"submit\" value=\"Enviar\" class=\"wpcf7-form-control wpcf7-submit\" \/><\/p>\n<div class=\"wpcf7-response-output\" aria-hidden=\"true\"><\/div><\/form><\/div>\n\n\n\n<p>Las comunicaciones recibidas por este medio ser\u00e1n consideradas sin validez a los efectos de los procedimientos administrativos, constituy\u00e9ndose \u00fanicamente como herramienta de consulta y\/o env\u00edo de informaci\u00f3n divulgativa<\/p>\n","protected":false},"excerpt":{"rendered":"<p>Horario de Atenci\u00f3n Mi\u00e9rcoles de 8:00h a 15:00h.(Lunes y Jueves estamos en Arellano y Martes y Viernes estamos en Aberin-Muniain) Direcci\u00f3n Calle Los Fueros 11 &#8211; 31264Morentin &#8211; Navarra Tel\u00e9fono de Contacto 948 52 70 52 Correo Electr\u00f3nico ayuntamiento@morentin.es Buz\u00f3n del Ciudadano Cualquier duda que tengas, ponte en contacto con el Ayuntamiento de Morentin. Las &#8230; <a title=\"Contacto\" class=\"read-more\" href=\"https:\/\/www.morentin.es\/?page_id=121\" aria-label=\"Leer m\u00e1s sobre Contacto\">Leer m\u00e1s<\/a><\/p>\n","protected":false},"author":1,"featured_media":0,"parent":0,"menu_order":0,"comment_status":"closed","ping_status":"closed","template":"","meta":{"generate_page_header":""},"_links":{"self":[{"href":"https:\/\/www.morentin.es\/index.php?rest_route=\/wp\/v2\/pages\/121"}],"collection":[{"href":"https:\/\/www.morentin.es\/index.php?rest_route=\/wp\/v2\/pages"}],"about":[{"href":"https:\/\/www.morentin.es\/index.php?rest_route=\/wp\/v2\/types\/page"}],"author":[{"embeddable":true,"href":"https:\/\/www.morentin.es\/index.php?rest_route=\/wp\/v2\/users\/1"}],"replies":[{"embeddable":true,"href":"https:\/\/www.morentin.es\/index.php?rest_route=%2Fwp%2Fv2%2Fcomments&post=121"}],"version-history":[{"count":9,"href":"https:\/\/www.morentin.es\/index.php?rest_route=\/wp\/v2\/pages\/121\/revisions"}],"predecessor-version":[{"id":458,"href":"https:\/\/www.morentin.es\/index.php?rest_route=\/wp\/v2\/pages\/121\/revisions\/458"}],"wp:attachment":[{"href":"https:\/\/www.morentin.es\/index.php?rest_route=%2Fwp%2Fv2%2Fmedia&parent=121"}],"curies":[{"name":"wp","href":"https:\/\/api.w.org\/{rel}","templated":true}]}}