{"id":109,"date":"2020-10-13T14:30:39","date_gmt":"2020-10-13T14:30:39","guid":{"rendered":"https:\/\/www.morentin.es\/?page_id=109"},"modified":"2021-05-03T12:02:21","modified_gmt":"2021-05-03T12:02:21","slug":"ayuntamiento","status":"publish","type":"page","link":"https:\/\/www.morentin.es\/?page_id=109","title":{"rendered":"Ayuntamiento"},"content":{"rendered":"\n<h3><strong>Buz\u00f3n del Ciudadano:<\/strong><\/h3>\n\n\n\n<p>El Ayuntamiento de Morentin ofrece este canal de comunicaci\u00f3n para cualquier duda o sugerencia que desees hacer. Una vez que env\u00edes tu mensaje, el Ayuntamiento te contestar\u00e1 en la mayor brevedad posible. <a href=\"https:\/\/www.morentin.es\/?page_id=121\">Accede al buz\u00f3n.<\/a><\/p>\n\n\n\n<p><strong>Agiliza tus tr\u00e1mites<\/strong> descargando el formulario que necesites presentar en el ayuntamiento. Pincha aqu\u00ed<a href=\"http:\/\/www.villadearellano.org\/tramites\">.<\/a><\/p>\n\n\n\n<h3><strong>Horario de Oficina:<\/strong><\/h3>\n\n\n\n<p>Mi\u00e9rcoles, de 8:00h a 15:00h.<\/p>\n\n\n\n<p><strong>Tel\u00e9fono: 948 527052<\/strong><\/p>\n","protected":false},"excerpt":{"rendered":"<p>Buz\u00f3n del Ciudadano: El Ayuntamiento de Morentin ofrece este canal de comunicaci\u00f3n para cualquier duda o sugerencia que desees hacer. Una vez que env\u00edes tu mensaje, el Ayuntamiento te contestar\u00e1 en la mayor brevedad posible. Accede al buz\u00f3n. Agiliza tus tr\u00e1mites descargando el formulario que necesites presentar en el ayuntamiento. Pincha aqu\u00ed. Horario de Oficina: &#8230; <a title=\"Ayuntamiento\" class=\"read-more\" href=\"https:\/\/www.morentin.es\/?page_id=109\" aria-label=\"Leer m\u00e1s sobre Ayuntamiento\">Leer m\u00e1s<\/a><\/p>\n","protected":false},"author":1,"featured_media":0,"parent":0,"menu_order":0,"comment_status":"closed","ping_status":"closed","template":"","meta":{"generate_page_header":""},"_links":{"self":[{"href":"https:\/\/www.morentin.es\/index.php?rest_route=\/wp\/v2\/pages\/109"}],"collection":[{"href":"https:\/\/www.morentin.es\/index.php?rest_route=\/wp\/v2\/pages"}],"about":[{"href":"https:\/\/www.morentin.es\/index.php?rest_route=\/wp\/v2\/types\/page"}],"author":[{"embeddable":true,"href":"https:\/\/www.morentin.es\/index.php?rest_route=\/wp\/v2\/users\/1"}],"replies":[{"embeddable":true,"href":"https:\/\/www.morentin.es\/index.php?rest_route=%2Fwp%2Fv2%2Fcomments&post=109"}],"version-history":[{"count":4,"href":"https:\/\/www.morentin.es\/index.php?rest_route=\/wp\/v2\/pages\/109\/revisions"}],"predecessor-version":[{"id":319,"href":"https:\/\/www.morentin.es\/index.php?rest_route=\/wp\/v2\/pages\/109\/revisions\/319"}],"wp:attachment":[{"href":"https:\/\/www.morentin.es\/index.php?rest_route=%2Fwp%2Fv2%2Fmedia&parent=109"}],"curies":[{"name":"wp","href":"https:\/\/api.w.org\/{rel}","templated":true}]}}